{"id":97861,"date":"2026-02-27T20:03:53","date_gmt":"2026-02-27T20:03:53","guid":{"rendered":"https:\/\/www.bananatreeshop.com\/?post_type=product&#038;p=97861"},"modified":"2026-04-04T05:03:25","modified_gmt":"2026-04-04T05:03:25","slug":"rocks-off-mini-rechargeable-wand-16-functions-black-tulip","status":"publish","type":"product","link":"https:\/\/www.bananatreeshop.com\/pt\/produto\/rocks-off-mini-rechargeable-wand-16-functions-black-tulip\/","title":{"rendered":"ROCKS-OFF &#8211; MINI VARITA RECARGABLE"},"content":{"rendered":"<p>Buscas un vibrador de alta calidad a un precio elevado? Lo has encontrado. Esta mini varita de Rocks Off demuestra que lo mejor viene en envases peque\u00f1os (y asequibles). Con 16 emocionantes configuraciones y un dise\u00f1o elegante y seguro para el cuerpo, te ofrece todo lo que necesitas para la relajaci\u00f3n, el placer o ambos. Ya sea tu primer juguete o tu nuevo favorito, esta es vibraci\u00f3n sin concesiones.<\/p>\n<p><u><strong>CARACTER\u00cdSTICAS:<\/strong><\/u><\/p>\n<ul>\n<li>16 funciones<\/li>\n<li>Resistente al agua<\/li>\n<li>Punta de precisi\u00f3n<\/li>\n<li>Estimulaci\u00f3n espec\u00edfica de puntos de placer<\/li>\n<li>Vibraciones potentes<\/li>\n<li>Tama\u00f1o de bolsillo, ideal para viajes<\/li>\n<li>90 minutos de carga para 60 minutos de autonom\u00eda\u00a0<\/li>\n<li>Recargable &#8211; cable USB incluido<\/li>\n<li>Material:\u00a0Silicona \/ Pl\u00e1stico ABS<\/li>\n<li>Medidas: Ancho: 30 mm \/ Alto: 115 mm\u00a0<\/li>\n<\/ul>\n<p><strong>Rocks-Off <\/strong>tiene m\u00e1s de 20 a\u00f1os de experiencia en la creaci\u00f3n de juguetes para adultos innovadores y de alta calidad. Dise\u00f1amos y fabricamos productos a medida, garantizando est\u00e1ndares excepcionales sin un precio elevado. Cada art\u00edculo nace como un concepto en nuestra oficina de Kettering, y no recurrimos a cambios de marca ni de empaque. Nuestro enfoque nos ha convertido en una de las marcas m\u00e1s confiables del sector. Nuestra variada gama incluye potentes vibradores, juguetes discretos para parejas, tapones anales vibratorios y juguetes anales, todos fabricados con silicona de grado m\u00e9dico y segura para el cuerpo.<br \/>\u00a0<\/p>","protected":false},"excerpt":{"rendered":"<p>ROCKS-OFF &#8211; MINI RECHARGEABLE WAND 16 FUNCTIONS BLACK TULIP<\/p>","protected":false},"featured_media":97864,"comment_status":"closed","ping_status":"closed","template":"","meta":{"_eb_attr":""},"product_brand":[],"product_cat":[1253,1268,1159],"product_tag":[],"class_list":{"0":"post-97861","1":"product","2":"type-product","3":"status-publish","4":"has-post-thumbnail","6":"product_cat-juguetes-bienestar-vibradoresmini-vibradores","7":"product_cat-juguetes-bienestar-vibradoresvibrador-wand","8":"product_cat-juguetes-bienestar-vibradores","9":"pa_color-burdeos","10":"pa_color-fucsia","11":"pa_color-negro","12":"pa_color-violeta","13":"yith_product_brand-rocks-off","15":"first","16":"instock","17":"taxable","18":"shipping-taxable","19":"purchasable","20":"product-type-variable","21":"has-default-attributes"},"_links":{"self":[{"href":"https:\/\/www.bananatreeshop.com\/pt\/wp-json\/wp\/v2\/product\/97861","targetHints":{"allow":["GET"]}}],"collection":[{"href":"https:\/\/www.bananatreeshop.com\/pt\/wp-json\/wp\/v2\/product"}],"about":[{"href":"https:\/\/www.bananatreeshop.com\/pt\/wp-json\/wp\/v2\/types\/product"}],"replies":[{"embeddable":true,"href":"https:\/\/www.bananatreeshop.com\/pt\/wp-json\/wp\/v2\/comments?post=97861"}],"wp:featuredmedia":[{"embeddable":true,"href":"https:\/\/www.bananatreeshop.com\/pt\/wp-json\/wp\/v2\/media\/97864"}],"wp:attachment":[{"href":"https:\/\/www.bananatreeshop.com\/pt\/wp-json\/wp\/v2\/media?parent=97861"}],"wp:term":[{"taxonomy":"product_brand","embeddable":true,"href":"https:\/\/www.bananatreeshop.com\/pt\/wp-json\/wp\/v2\/product_brand?post=97861"},{"taxonomy":"product_cat","embeddable":true,"href":"https:\/\/www.bananatreeshop.com\/pt\/wp-json\/wp\/v2\/product_cat?post=97861"},{"taxonomy":"product_tag","embeddable":true,"href":"https:\/\/www.bananatreeshop.com\/pt\/wp-json\/wp\/v2\/product_tag?post=97861"}],"curies":[{"name":"wp","href":"https:\/\/api.w.org\/{rel}","templated":true}]}}