{"id":97989,"date":"2026-02-27T21:04:03","date_gmt":"2026-02-27T21:04:03","guid":{"rendered":"https:\/\/www.bananatreeshop.com\/?post_type=product&#038;p=97989"},"modified":"2026-04-04T06:03:25","modified_gmt":"2026-04-04T06:03:25","slug":"womanizer-enhance-clitorial-stimulator-black","status":"publish","type":"product","link":"https:\/\/www.bananatreeshop.com\/pt\/produto\/womanizer-enhance-clitorial-stimulator-black\/","title":{"rendered":"WOMANIZER &#8211; ENHANCE ESTIMULADOR DE CLITOR\u00cdS NEGRO"},"content":{"rendered":"<p>Estimulador de cl\u00edtoris 2 en 1 con Pleasure Air y vibraciones. La tecnolog\u00eda Pleasure Air de Womanizer combinada con las vibraciones retumbantes de We-Vibe para una mejor estimulaci\u00f3n del cl\u00edtoris.\u00a0<\/p>\n<p>El primer estimulador de cl\u00edtoris de Womanizer combina las vibraciones We-Vibe con la tecnolog\u00eda Pleasure Air para una mayor sensaci\u00f3n. Los motores independientes te permiten usar estos tipos de estimulaci\u00f3n juntos o por separado para una mayor variedad en tu experiencia org\u00e1smica.<br \/>\u00a0<\/p>\n<p><strong>Tecnolog\u00eda Pleasure Air y vibraciones 2 en 1<\/strong>\u00a0&#8211; La tecnolog\u00eda Pleasure Air original de Womanizer combinada con las vibraciones retumbantes de We-Vibe para una estimulaci\u00f3n mejorada.<\/p>\n<p><strong>Controles separados<\/strong>\u00a0&#8211; Controla el motor de vibraci\u00f3n y el motor Pleasure Air por separado o juntos para disfrutar de m\u00e1s de 1000 formas de jugar.<\/p>\n<p><strong>Cabezal de estimulaci\u00f3n amplio<\/strong>\u00a0&#8211; Intensifica tus orgasmos al crear contacto con m\u00e1s zonas er\u00f3genas, apuntando a un \u00e1rea m\u00e1s amplia con estimulaci\u00f3n para una experiencia org\u00e1smica mejorada.<\/p>\n<p><strong>10 niveles de intensidad<\/strong>\u00a0&#8211; Ya sea que prefieras un placer suave y delicado, potente e intenso, o algo intermedio, tu pr\u00f3ximo orgasmo est\u00e1 a solo pulsar un bot\u00f3n. Los niveles de intensidad est\u00e1n perfectamente equilibrados y ofrecen la configuraci\u00f3n perfecta para cada estado de \u00e1nimo.<\/p>\n<p><strong>10 niveles de vibraci\u00f3n<\/strong>\u00a0&#8211; Comience lentamente y vaya aumentando hasta alcanzar un cl\u00edmax \u00e9pico con vibraciones profundas y retumbantes que se transforman suavemente entre los niveles de intensidad.<\/p>\n<p><strong>10 patrones de vibraci\u00f3n<\/strong>\u00a0&#8211; Encuentra tu ritmo y prueba algo nuevo, ya sea que prefieras un pulso constante, un crescendo de bajo a alto o una ola emocionante.<\/p>\n<p><strong>Silicona segura para el cuerpo<\/strong>\u00a0&#8211; La superficie est\u00e1 hecha de silicona suave al tacto para una sensaci\u00f3n sedosa en la piel. Este material, inocuo para el cuerpo, no contiene ftalatos, BPA ni l\u00e1tex: un verdadero deleite para la piel.<\/p>\n<p><strong>Resistente al agua IPX 7<\/strong>\u00a0&#8211; Quieres sumergirte m\u00e1s profundamente? Como tu Womanizer es resistente al agua IPX7, nada te impedir\u00e1 disfrutar de un ba\u00f1o largo y relajante, una ducha refrescante o incluso una fiesta en la piscina.<\/p>\n<p><strong>Carga magn\u00e9tica<\/strong>\u00a0&#8211; Los pines magn\u00e9ticos hacen que la recarga sea r\u00e1pida y c\u00f3moda.<\/p>\n<p>\u00a0<\/p>\n<p><u><strong>CARACTER\u00cdSTICAS:<\/strong><\/u><\/p>\n<ul>\n<li>Rosa vibrante, negro, lila<\/li>\n<li>Impermeable IPX7<\/li>\n<li>Tiempo de ejecuci\u00f3n: 120 minutos<\/li>\n<li>Tiempo de carga: 120 minutos<\/li>\n<li>Materiales: Pl\u00e1stico ABS, silicona segura para el cuerpo.<\/li>\n<li>Peso: 148 gramos<\/li>\n<li>Dimensiones: Largo: 158 x Alto: 50 x Ancho: 52 mm<\/li>\n<li>Dimensiones del embalaje: 184,5 x 107,75 x 67,5 mm<\/li>\n<li>Caja:\u00a0\n<ul>\n<li>Womanizer Enhance<\/li>\n<li>Bolsa de almacenamiento de algod\u00f3n<\/li>\n<li>Gu\u00eda de inicio r\u00e1pido<\/li>\n<li>Informaci\u00f3n sobre cumplimiento y seguridad<\/li>\n<li>Pegatina Memasturbo<\/li>\n<li>Cable USB con pines de carga magn\u00e9ticos (adaptador de CA no incluido)<\/li>\n<\/ul>\n<\/li>\n<\/ul>","protected":false},"excerpt":{"rendered":"<p>WOMANIZER &#8211; ENHANCE CLITORIAL STIMULATOR BLACK<\/p>","protected":false},"featured_media":97990,"comment_status":"closed","ping_status":"closed","template":"","meta":{"_eb_attr":""},"product_brand":[],"product_cat":[1250,1152,1153,1449],"product_tag":[],"class_list":{"0":"post-97989","1":"product","2":"type-product","3":"status-publish","4":"has-post-thumbnail","6":"product_cat-juguetes-bienestar-juguetes-para-mujeresestimuladores","7":"product_cat-juguetes-bienestar","8":"product_cat-juguetes-bienestar-juguetes-para-mujeres","9":"product_cat-juguetes-bienestar-juguetes-para-mujeresestimuladoressuccionadores-con-vibracion","10":"yith_product_brand-womanizer","12":"first","13":"instock","14":"taxable","15":"shipping-taxable","16":"purchasable","17":"product-type-simple"},"_links":{"self":[{"href":"https:\/\/www.bananatreeshop.com\/pt\/wp-json\/wp\/v2\/product\/97989","targetHints":{"allow":["GET"]}}],"collection":[{"href":"https:\/\/www.bananatreeshop.com\/pt\/wp-json\/wp\/v2\/product"}],"about":[{"href":"https:\/\/www.bananatreeshop.com\/pt\/wp-json\/wp\/v2\/types\/product"}],"replies":[{"embeddable":true,"href":"https:\/\/www.bananatreeshop.com\/pt\/wp-json\/wp\/v2\/comments?post=97989"}],"wp:featuredmedia":[{"embeddable":true,"href":"https:\/\/www.bananatreeshop.com\/pt\/wp-json\/wp\/v2\/media\/97990"}],"wp:attachment":[{"href":"https:\/\/www.bananatreeshop.com\/pt\/wp-json\/wp\/v2\/media?parent=97989"}],"wp:term":[{"taxonomy":"product_brand","embeddable":true,"href":"https:\/\/www.bananatreeshop.com\/pt\/wp-json\/wp\/v2\/product_brand?post=97989"},{"taxonomy":"product_cat","embeddable":true,"href":"https:\/\/www.bananatreeshop.com\/pt\/wp-json\/wp\/v2\/product_cat?post=97989"},{"taxonomy":"product_tag","embeddable":true,"href":"https:\/\/www.bananatreeshop.com\/pt\/wp-json\/wp\/v2\/product_tag?post=97989"}],"curies":[{"name":"wp","href":"https:\/\/api.w.org\/{rel}","templated":true}]}}