{"id":98031,"date":"2026-02-27T21:04:31","date_gmt":"2026-02-27T21:04:31","guid":{"rendered":"https:\/\/www.bananatreeshop.com\/?post_type=product&#038;p=98031"},"modified":"2026-04-04T06:03:53","modified_gmt":"2026-04-04T06:03:53","slug":"womanizer-blend-rabbit-vibrator-stimulator-vibrant-rose","status":"publish","type":"product","link":"https:\/\/www.bananatreeshop.com\/pt\/produto\/womanizer-blend-rabbit-vibrator-stimulator-vibrant-rose\/","title":{"rendered":"WOMANIZER &#8211; BLEND ESTIMULADOR VIBRADOR RABBIT ROSA"},"content":{"rendered":"<p>Vibrador Pleasure Air Rabbit. Blend es el vibrador conejito de Womanizer, f\u00e1cil de usar, dise\u00f1ado para una estimulaci\u00f3n org\u00e1smica dual sencilla. Estimulando simult\u00e1neamente el punto G con vibraciones internas y el cl\u00edtoris con suaves ondas de Pleasure Air, Womanizer Blend es una forma sencilla de descubrir orgasmos combinados. Dos motores con controles independientes te permiten personalizar tu diversi\u00f3n.<\/p>\n<p><strong>F\u00e1cil de usar &#8211; <\/strong>Nunca lo has hecho? Tu juguete es intuitivo y f\u00e1cil de usar con una sola mano. Sin complicaciones, solo orgasmos combinados sin fin en un formato ergon\u00f3mico y f\u00e1cil de usar para cuando quieras placer.<\/p>\n<p><strong>Controles de motor separados &#8211; <\/strong>Womanizer Blend tiene dos motores separados para que puedas disfrutar del masaje del cl\u00edtoris y las vibraciones del punto G juntos o por separado, para una sesi\u00f3n de placer personalizada para ti.<\/p>\n<p><strong>Tecnolog\u00eda Pleasure Air &#8211; <\/strong>Hecho para ti y tu cuerpo: Todos los productos Womanizer incorporan una innovaci\u00f3n \u00fanica llamada Tecnolog\u00eda Pleasure Air. Por qu\u00e9 es tan especial? Tu cl\u00edtoris se estimula sin contacto directo. Las suaves vibraciones de aire succionan y masajean simult\u00e1neamente para brindarte una sensaci\u00f3n org\u00e1smica sin precedentes.<\/p>\n<p><strong>Doble estimulaci\u00f3n &#8211; <\/strong>Orgasmos m\u00e1s intensos con estimulaci\u00f3n dual. Descubre lo mejor de ambos mundos: el suave masaje de nuestra Tecnolog\u00eda Pleasure Air y las potentes vibraciones del estimulador interno. \u00a1Nunca hay demasiado de lo bueno!<\/p>\n<p><strong>8 niveles de intensidad &#8211; <\/strong>Ya sea que prefieras un placer suave y delicado, potente e intenso, o algo intermedio, tu pr\u00f3ximo orgasmo est\u00e1 a solo pulsar un bot\u00f3n. Los niveles de intensidad est\u00e1n perfectamente equilibrados y ofrecen la configuraci\u00f3n perfecta para cada estado de \u00e1nimo.<\/p>\n<p><strong>Resistente al agua IPX7 &#8211; <\/strong>Quieres sumergirte m\u00e1s profundamente? Como tu Womanizer es resistente al agua IPX7, nada te impedir\u00e1 disfrutar de un ba\u00f1o largo y relajante, una ducha refrescante o incluso una fiesta en la piscina.<\/p>\n<p><strong>Embalaje ecol\u00f3gico &#8211; <\/strong>Nuestro nuevo empaque Womanizer est\u00e1 dise\u00f1ado para ser m\u00e1s reciclable y reducir los desechos (casi totalmente libre de pl\u00e1stico y a base de fibra vegetal): la caja simplemente se puede colocar en el contenedor de reciclaje de papel.<\/p>\n<p><strong>F\u00e1cil de limpiar &#8211; <\/strong>Limpiarlo es tan f\u00e1cil como usarlo. Solo necesitas un limpiador de juguetes o agua tibia y jab\u00f3n antibacterial.<\/p>\n<p><strong>Puerto de carga USB &#8211; <\/strong>Los pines magn\u00e9ticos hacen que la recarga sea r\u00e1pida y c\u00f3moda.<\/p>\n<p>\u00a0<\/p>\n<p><u><strong>CARACTER\u00cdSTICAS:<\/strong><\/u><\/p>\n<ul>\n<li>Azul vibrante, rosa vibrante, rosa vibrante<\/li>\n<li>Impermeable IPX7<\/li>\n<li>Bater\u00eda: Contiene bater\u00eda recargable de iones de litio (3,7 V, 160 mAh)<\/li>\n<li>Tiempo de ejecuci\u00f3n: 90 minutos<\/li>\n<li>Tiempo de carga: 90 minutos<\/li>\n<li>Materiales: ABS, Silicona segura para el cuerpo.<\/li>\n<li>Peso: 185 gramos<\/li>\n<li>Dimensiones: 113 x 51\u00a0x 139\u00a0mm<\/li>\n<li>Dimensiones del embalaje: 162 x 162,5 x 69 mm (largo x ancho x alto)<\/li>\n<li>Caja:\u00a0\n<ul>\n<li>Womanizer Blend<\/li>\n<li>Gu\u00eda de inicio r\u00e1pido<\/li>\n<li>Informaci\u00f3n de cumplimiento y seguridad<\/li>\n<li>Pegatina Memasturbo<\/li>\n<\/ul>\n<\/li>\n<\/ul>","protected":false},"excerpt":{"rendered":"<p>WOMANIZER &#8211; BLEND RABBIT VIBRATOR STIMULATOR VIBRANT ROSE<\/p>","protected":false},"featured_media":98032,"comment_status":"closed","ping_status":"closed","template":"","meta":{"_eb_attr":""},"product_brand":[],"product_cat":[1250,1152,1153,1449],"product_tag":[],"class_list":{"0":"post-98031","1":"product","2":"type-product","3":"status-publish","4":"has-post-thumbnail","6":"product_cat-juguetes-bienestar-juguetes-para-mujeresestimuladores","7":"product_cat-juguetes-bienestar","8":"product_cat-juguetes-bienestar-juguetes-para-mujeres","9":"product_cat-juguetes-bienestar-juguetes-para-mujeresestimuladoressuccionadores-con-vibracion","10":"yith_product_brand-womanizer","12":"first","13":"instock","14":"taxable","15":"shipping-taxable","16":"purchasable","17":"product-type-simple"},"_links":{"self":[{"href":"https:\/\/www.bananatreeshop.com\/pt\/wp-json\/wp\/v2\/product\/98031","targetHints":{"allow":["GET"]}}],"collection":[{"href":"https:\/\/www.bananatreeshop.com\/pt\/wp-json\/wp\/v2\/product"}],"about":[{"href":"https:\/\/www.bananatreeshop.com\/pt\/wp-json\/wp\/v2\/types\/product"}],"replies":[{"embeddable":true,"href":"https:\/\/www.bananatreeshop.com\/pt\/wp-json\/wp\/v2\/comments?post=98031"}],"wp:featuredmedia":[{"embeddable":true,"href":"https:\/\/www.bananatreeshop.com\/pt\/wp-json\/wp\/v2\/media\/98032"}],"wp:attachment":[{"href":"https:\/\/www.bananatreeshop.com\/pt\/wp-json\/wp\/v2\/media?parent=98031"}],"wp:term":[{"taxonomy":"product_brand","embeddable":true,"href":"https:\/\/www.bananatreeshop.com\/pt\/wp-json\/wp\/v2\/product_brand?post=98031"},{"taxonomy":"product_cat","embeddable":true,"href":"https:\/\/www.bananatreeshop.com\/pt\/wp-json\/wp\/v2\/product_cat?post=98031"},{"taxonomy":"product_tag","embeddable":true,"href":"https:\/\/www.bananatreeshop.com\/pt\/wp-json\/wp\/v2\/product_tag?post=98031"}],"curies":[{"name":"wp","href":"https:\/\/api.w.org\/{rel}","templated":true}]}}