{"id":98049,"date":"2026-02-27T21:04:44","date_gmt":"2026-02-27T21:04:44","guid":{"rendered":"https:\/\/www.bananatreeshop.com\/?post_type=product&#038;p=98049"},"modified":"2026-04-04T06:04:04","modified_gmt":"2026-04-04T06:04:04","slug":"womanizer-next-clitorial-stimulator-sage","status":"publish","type":"product","link":"https:\/\/www.bananatreeshop.com\/pt\/produto\/womanizer-next-clitorial-stimulator-sage\/","title":{"rendered":"WOMANIZER &#8211; NEXT ESTIMULADOR DE CLITOR\u00cdS VERDE CLARO"},"content":{"rendered":"<p>Estimulador de aire 3D Pleasure con control de cl\u00edmax, como se ve en Netflix. Womanizer Next ofrece una estimulaci\u00f3n m\u00e1s profunda y natural para orgasmos m\u00faltiples con niveles de profundidad personalizables y un rendimiento silencioso.<\/p>\n<p>Al igual que otros modelos Womanizer, las ondas 3D Pleasure Air no tocan la piel; se siente como una suave combinaci\u00f3n de succi\u00f3n y suaves pulsaciones. La estimulaci\u00f3n suele describirse como m\u00e1s refinada e inmersiva, lo que lleva a orgasmos m\u00e1s intensos y completos. La sensaci\u00f3n es profunda y abarca todo el cl\u00edtoris, no solo la superficie. Con 14 niveles de intensidad y 3 niveles de Climax Control, tienes el control total, ya sea que desees ondas suaves y estimulantes o orgasmos que se intensifican gradualmente.<\/p>\n<p><strong>Piloto autom\u00e1tico &#8211; <\/strong>Deja que Next gu\u00ede tu placer eligiendo un viaje de intensidad preestablecido: entrega los controles a tu juguete y no tendr\u00e1s que hacer nada.<\/p>\n<p><strong>Silicona suave &#8211; <\/strong>Totalmente recubierto de silicona suave al tacto, que se siente muy bien en la piel. Es seguro para el cuerpo y est\u00e1 fabricado sin ftalatos, BPA ni l\u00e1tex: un placer al tacto.\u00a0<\/p>\n<p><strong>Aire de placer 3D<\/strong>\u00a0&#8211; 3D Pleasure Air utiliza presi\u00f3n de aire pulsante para imitar la succi\u00f3n natural y brindar una sensaci\u00f3n m\u00e1s profunda y real.<\/p>\n<p><strong>14 niveles de intensidad &#8211; <\/strong>Ya sea que prefieras un placer suave y delicado, potente e intenso, o algo intermedio, tu pr\u00f3ximo orgasmo est\u00e1 a solo pulsar un bot\u00f3n. Los niveles de intensidad est\u00e1n perfectamente equilibrados y ofrecen la configuraci\u00f3n perfecta para cada estado de \u00e1nimo.<\/p>\n<p><strong>Resistente al agua IPX7<\/strong>\u00a0&#8211; Quieres sumergirte m\u00e1s profundamente? Como tu Womanizer es resistente al agua IPX7, nada te impedir\u00e1 disfrutar de un ba\u00f1o largo y relajante, una ducha refrescante o incluso una fiesta en la piscina.<\/p>\n<p><strong>Control del cl\u00edmax &#8211; <\/strong>La nueva funci\u00f3n Climax Control crea una sensaci\u00f3n m\u00e1s profunda y rica, llevando nuestra estimulaci\u00f3n Pleasure Air original a una nueva dimensi\u00f3n 3D. Ahora no solo puedes controlar la velocidad e intensidad de tu masaje, sino tambi\u00e9n la profundidad de las ondas de aire: los tres niveles de Climax Control ofrecen una experiencia de orgasmos m\u00faltiples m\u00e1s completa y con m\u00e1s matices.<\/p>\n<p><strong>Embalaje ecol\u00f3gico<\/strong>\u00a0&#8211; Nuestro nuevo empaque Womanizer est\u00e1 dise\u00f1ado para ser m\u00e1s reciclable y reducir los desechos (casi totalmente libre de pl\u00e1stico y a base de fibra vegetal): la caja simplemente se puede colocar en el contenedor de reciclaje de papel.<\/p>\n<p><strong>Susurro silencioso<\/strong>\u00a0&#8211; Nuestro modelo m\u00e1s silencioso hasta la fecha, funciona pr\u00e1cticamente en silencio sin sacrificar potencia. Dise\u00f1ado para la discreci\u00f3n, Next elimina las distracciones y se centra en el placer puro.<\/p>\n<p><strong>F\u00e1cil de limpiar<\/strong>\u00a0&#8211; Limpiarlo es tan f\u00e1cil como usarlo. Solo necesitas un limpiador de juguetes o agua tibia y jab\u00f3n antibacterial.<\/p>\n<p><strong>Cabezal estimulador adicional &#8211; <\/strong>Sabemos que cada cuerpo es diferente y hermoso. Por eso, cada caja incluye dos tama\u00f1os de cabezales estimuladores para que todos puedan disfrutar de su Womanizer.<\/p>\n<p><strong>Silencio inteligente &#8211; <\/strong>La innovadora tecnolog\u00eda Smart Silence te permite satisfacer tus deseos. El juguete solo se activa al tocar tu piel. Si no lo usas, entra en modo de espera. Esto no solo lo hace m\u00e1s silencioso, sino que tambi\u00e9n te permite disfrutar del momento sin distracciones.<\/p>\n<p>\u00a0<\/p>\n<p><u><strong>CARACTER\u00cdSTICAS:<\/strong><\/u><\/p>\n<ul>\n<li>Negro, morado oscuro, salvia<\/li>\n<li>Impermeable IPX7<\/li>\n<li>Tiempo de ejecuci\u00f3n: 240 minutos<\/li>\n<li>Tiempo de carga: 120 minutos<\/li>\n<li>Materiales: Silicona segura para el cuerpo.<\/li>\n<li>Peso: 480 gramos<\/li>\n<li>Dimensiones: Largo 17,1 x Ancho 5,4 x Alto 5,7<\/li>\n<li>Dimensiones del embalaje: Largo 19,3 x Ancho 11,2 x Alto 6,8<\/li>\n<li>Caja:\u00a0\n<ul>\n<li>Womanizer Next<\/li>\n<li>Bolsa de almacenamiento de algod\u00f3n<\/li>\n<li>Cabezal de estimulaci\u00f3n adicional<\/li>\n<li>Gu\u00eda de inicio r\u00e1pido<\/li>\n<li>Informaci\u00f3n de cumplimiento y seguridad<\/li>\n<li>Pegatina Memasturbo<\/li>\n<li>Cable USB con pines de carga magn\u00e9ticos (adaptador de CA no incluido)<\/li>\n<\/ul>\n<\/li>\n<\/ul>","protected":false},"excerpt":{"rendered":"<p>WOMANIZER &#8211; NEXT CLITORIAL STIMULATOR SAGE<\/p>","protected":false},"featured_media":98050,"comment_status":"closed","ping_status":"closed","template":"","meta":{"_eb_attr":""},"product_brand":[],"product_cat":[1250,1152,1153,1449],"product_tag":[],"class_list":{"0":"post-98049","1":"product","2":"type-product","3":"status-publish","4":"has-post-thumbnail","6":"product_cat-juguetes-bienestar-juguetes-para-mujeresestimuladores","7":"product_cat-juguetes-bienestar","8":"product_cat-juguetes-bienestar-juguetes-para-mujeres","9":"product_cat-juguetes-bienestar-juguetes-para-mujeresestimuladoressuccionadores-con-vibracion","10":"yith_product_brand-womanizer","12":"first","13":"instock","14":"taxable","15":"shipping-taxable","16":"purchasable","17":"product-type-simple"},"_links":{"self":[{"href":"https:\/\/www.bananatreeshop.com\/pt\/wp-json\/wp\/v2\/product\/98049","targetHints":{"allow":["GET"]}}],"collection":[{"href":"https:\/\/www.bananatreeshop.com\/pt\/wp-json\/wp\/v2\/product"}],"about":[{"href":"https:\/\/www.bananatreeshop.com\/pt\/wp-json\/wp\/v2\/types\/product"}],"replies":[{"embeddable":true,"href":"https:\/\/www.bananatreeshop.com\/pt\/wp-json\/wp\/v2\/comments?post=98049"}],"wp:featuredmedia":[{"embeddable":true,"href":"https:\/\/www.bananatreeshop.com\/pt\/wp-json\/wp\/v2\/media\/98050"}],"wp:attachment":[{"href":"https:\/\/www.bananatreeshop.com\/pt\/wp-json\/wp\/v2\/media?parent=98049"}],"wp:term":[{"taxonomy":"product_brand","embeddable":true,"href":"https:\/\/www.bananatreeshop.com\/pt\/wp-json\/wp\/v2\/product_brand?post=98049"},{"taxonomy":"product_cat","embeddable":true,"href":"https:\/\/www.bananatreeshop.com\/pt\/wp-json\/wp\/v2\/product_cat?post=98049"},{"taxonomy":"product_tag","embeddable":true,"href":"https:\/\/www.bananatreeshop.com\/pt\/wp-json\/wp\/v2\/product_tag?post=98049"}],"curies":[{"name":"wp","href":"https:\/\/api.w.org\/{rel}","templated":true}]}}