{"id":99123,"date":"2026-04-06T18:01:56","date_gmt":"2026-04-06T18:01:56","guid":{"rendered":"https:\/\/www.bananatreeshop.com\/?post_type=product&p=99123"},"modified":"2026-04-08T02:01:11","modified_gmt":"2026-04-08T02:01:11","slug":"satisfyer-din-oooh-vibrador-estimulador-air-pulse","status":"publish","type":"product","link":"https:\/\/www.bananatreeshop.com\/pt\/produto\/satisfyer-din-oooh-vibrador-estimulador-air-pulse\/","title":{"rendered":"SATISFYER &#8211; DIN-OOOH VIBRADOR  ESTIMULADOR AIR PULSE"},"content":{"rendered":"<p>Listo para orgasmos que te pondr\u00e1n la piel de gallina? El adorable Satisfyer Din-OOOH es peque\u00f1ito pero mat\u00f3n: combina sensuales pulsaciones de aire con potentes vibraciones para una estimulaci\u00f3n del cl\u00edtoris profundamente satisfactoria que te har\u00e1 gritar de placer.<\/p>\n<p><strong><u>CARACTERISTICAS<\/u><\/strong><\/p>\n<ul>\n<li>Estimulaci\u00f3n del cl\u00edtoris mediante ondas de presi\u00f3n y vibraci\u00f3n.<\/li>\n<li>Silicona amigable con el cuerpo<\/li>\n<li>Resistente al agua (IPX7)<\/li>\n<li>11 intensidades de ondas de pulso de aire + 13 programas de vibraci\u00f3n<\/li>\n<li>2 motores controlables individualmente<\/li>\n<li>Modo susurro<\/li>\n<li>F\u00e1cil de limpiar<\/li>\n<li>Recargable (USB-C)<\/li>\n<li>Bater\u00eda de iones de litio<\/li>\n<\/ul>\n<p><strong><u>VIBRADOR SWEET AIR PULSE: SATISFYER DIN-OOOH<\/u><\/strong><\/p>\n<p>Con Din-OOOH, obtienes un juguete compacto y con un dise\u00f1o de dinosaurio encantador que no solo es discreto y adorable, sino que tambi\u00e9n cumple con lo que realmente necesitas. Gracias a su dise\u00f1o ergon\u00f3mico y a la combinaci\u00f3n de pulso de aire y vibraci\u00f3n de contacto con sus dos potentes motores, este peque\u00f1o es ideal para quienes buscan potencia en un tama\u00f1o perfecto para viajar. Din-OOOH ofrece 11 niveles de intensidad de pulso de aire que se pueden combinar con 13 programas de vibraci\u00f3n, para que puedas adaptar la estimulaci\u00f3n a tus preferencias, ya sea que prefieras un comienzo suave o quieras dar el salto a sensaciones intensas.<\/p>\n<p><strong><u>SATISFYER DIN-OOOH  ESTIMULACI\u00d3N SUAVE DEL CL\u00cdTORIS<\/u><\/strong><\/p>\n<p>La abertura del vibrador rodea suavemente tu cl\u00edtoris para crear un sellado perfecto, brindando sensaciones placenteras mediante suaves pulsos de aire, con o sin vibraci\u00f3n adicional. Puedes recargar f\u00e1cilmente tu nuevo juguete favorito mediante el puerto USB-C y utilizar una gota de lubricante para potenciar las sensaciones. Y este dinosaurio tampoco le teme al agua: gracias a su acabado impermeable IPX7, est\u00e1 listo para acompa\u00f1arte en la ducha o el ba\u00f1o. Descubre el Satisfyer Din-OOOH, un suave vibrador de pulsos de aire para quienes desean disfrutar de dulces sue\u00f1os con solo tocar un bot\u00f3n.<\/p>","protected":false},"excerpt":{"rendered":"<p>SATISFYER &#8211; DIN-OOOH VIBRATOR  AIR PULSE STIMULATOR<\/p>","protected":false},"featured_media":99124,"comment_status":"closed","ping_status":"closed","template":"","meta":{"_eb_attr":""},"product_brand":[],"product_cat":[1250,1152,1153,446,1260],"product_tag":[],"class_list":{"0":"post-99123","1":"product","2":"type-product","3":"status-publish","4":"has-post-thumbnail","6":"product_cat-juguetes-bienestar-juguetes-para-mujeresestimuladores","7":"product_cat-juguetes-bienestar","8":"product_cat-juguetes-bienestar-juguetes-para-mujeres","9":"product_cat-news","10":"product_cat-juguetes-bienestar-juguetes-para-mujeresestimuladorespara-clitoris","11":"yith_product_brand-satisfyer","12":"yith_product_brand-satisfyer-satisfyer-air-pulse","14":"first","15":"outofstock","16":"taxable","17":"shipping-taxable","18":"purchasable","19":"product-type-simple"},"_links":{"self":[{"href":"https:\/\/www.bananatreeshop.com\/pt\/wp-json\/wp\/v2\/product\/99123","targetHints":{"allow":["GET"]}}],"collection":[{"href":"https:\/\/www.bananatreeshop.com\/pt\/wp-json\/wp\/v2\/product"}],"about":[{"href":"https:\/\/www.bananatreeshop.com\/pt\/wp-json\/wp\/v2\/types\/product"}],"replies":[{"embeddable":true,"href":"https:\/\/www.bananatreeshop.com\/pt\/wp-json\/wp\/v2\/comments?post=99123"}],"wp:featuredmedia":[{"embeddable":true,"href":"https:\/\/www.bananatreeshop.com\/pt\/wp-json\/wp\/v2\/media\/99124"}],"wp:attachment":[{"href":"https:\/\/www.bananatreeshop.com\/pt\/wp-json\/wp\/v2\/media?parent=99123"}],"wp:term":[{"taxonomy":"product_brand","embeddable":true,"href":"https:\/\/www.bananatreeshop.com\/pt\/wp-json\/wp\/v2\/product_brand?post=99123"},{"taxonomy":"product_cat","embeddable":true,"href":"https:\/\/www.bananatreeshop.com\/pt\/wp-json\/wp\/v2\/product_cat?post=99123"},{"taxonomy":"product_tag","embeddable":true,"href":"https:\/\/www.bananatreeshop.com\/pt\/wp-json\/wp\/v2\/product_tag?post=99123"}],"curies":[{"name":"wp","href":"https:\/\/api.w.org\/{rel}","templated":true}]}}