{"id":99129,"date":"2026-04-06T18:02:00","date_gmt":"2026-04-06T18:02:00","guid":{"rendered":"https:\/\/www.bananatreeshop.com\/?post_type=product&p=99129"},"modified":"2026-04-08T02:01:11","modified_gmt":"2026-04-08T02:01:11","slug":"satisfyer-sea-pony-vibrador-estimulador-air-pulse","status":"publish","type":"product","link":"https:\/\/www.bananatreeshop.com\/pt\/produto\/satisfyer-sea-pony-vibrador-estimulador-air-pulse\/","title":{"rendered":"SATISFYER &#8211; SEA PONY VIBRADOR  ESTIMULADOR AIR PULSE"},"content":{"rendered":"<p>Lista para sumergirte en un mar de placer? \u00a1Con este caballito de mar s\u00ed! El adorable Satisfyer Sea Pony te lleva a una inmersi\u00f3n llena de lujuria: combina sensuales pulsaciones de aire con potentes vibraciones para una estimulaci\u00f3n del cl\u00edtoris profundamente satisfactoria que te har\u00e1 sentir mejor que en un arrecife de coral.<\/p>\n<p><strong><u>CARACTERISTICAS<\/u><\/strong><\/p>\n<ul>\n<li>Estimulaci\u00f3n del cl\u00edtoris mediante ondas de presi\u00f3n y vibraci\u00f3n.<\/li>\n<li>Silicona amigable con el cuerpo<\/li>\n<li>Resistente al agua (IPX7)<\/li>\n<li>11 intensidades de ondas de pulso de aire + 13 programas de vibraci\u00f3n<\/li>\n<li>2 motores controlables individualmente<\/li>\n<li>Modo susurro<\/li>\n<li>F\u00e1cil de limpiar<\/li>\n<li>Recargable (USB-C)<\/li>\n<li>Bater\u00eda de iones de litio<\/li>\n<\/ul>\n<p><strong><u>VIBRADOR SWEET AIR PULSE: SATISFYER SEA PONY<\/u><\/strong><\/p>\n<p>Con Sea Pony, obtienes un juguete compacto y con un dise\u00f1o mar\u00edtimo encantador que no solo es discreto y adorable, sino que tambi\u00e9n cumple con lo que realmente necesitas. Gracias a su dise\u00f1o pr\u00e1ctico y a la combinaci\u00f3n de pulso de aire y vibraci\u00f3n de contacto, este caballito de mar es el compa\u00f1ero de viaje perfecto para explorar nuevas sensaciones. Sea Pony ofrece 11 niveles de intensidad de pulso de aire que se pueden combinar con 13 programas de vibraci\u00f3n, para que puedas adaptar la estimulaci\u00f3n a tus preferencias, ya sea que prefieras pulsaciones suaves o quieras dar el salto a vibraciones potentes.<\/p>\n<p><strong><u>SATISFYER SEA PONY  ESTIMULACI\u00d3N SUAVE DEL CL\u00cdTORIS<\/u><\/strong><\/p>\n<p>La abertura del vibrador rodea suavemente tu cl\u00edtoris sin contacto directo, brindando sensaciones placenteras mediante suaves pulsos de aire, con o sin vibraci\u00f3n adicional. Puedes recargar f\u00e1cilmente tu nuevo juguete favorito mediante el puerto USB-C y utilizar una gota de lubricante para potenciar las sensaciones. Este modelo con vibraci\u00f3n tampoco le teme al agua: gracias a su acabado impermeable IPX7, est\u00e1 listo para acompa\u00f1arte en la ducha o el ba\u00f1o. Descubre el Satisfyer Sea Pony, un suave vibrador de pulsos de aire para quienes desean disfrutar de dulces sue\u00f1os con solo tocar un bot\u00f3n.<\/p>","protected":false},"excerpt":{"rendered":"<p>SATISFYER &#8211; SEA PONY VIBRATOR  AIR PULSE STIMULATOR<\/p>","protected":false},"featured_media":99130,"comment_status":"closed","ping_status":"closed","template":"","meta":{"_eb_attr":""},"product_brand":[],"product_cat":[1250,1152,1153,446,1260],"product_tag":[],"class_list":{"0":"post-99129","1":"product","2":"type-product","3":"status-publish","4":"has-post-thumbnail","6":"product_cat-juguetes-bienestar-juguetes-para-mujeresestimuladores","7":"product_cat-juguetes-bienestar","8":"product_cat-juguetes-bienestar-juguetes-para-mujeres","9":"product_cat-news","10":"product_cat-juguetes-bienestar-juguetes-para-mujeresestimuladorespara-clitoris","11":"yith_product_brand-satisfyer","12":"yith_product_brand-satisfyer-satisfyer-air-pulse","14":"first","15":"outofstock","16":"taxable","17":"shipping-taxable","18":"purchasable","19":"product-type-simple"},"_links":{"self":[{"href":"https:\/\/www.bananatreeshop.com\/pt\/wp-json\/wp\/v2\/product\/99129","targetHints":{"allow":["GET"]}}],"collection":[{"href":"https:\/\/www.bananatreeshop.com\/pt\/wp-json\/wp\/v2\/product"}],"about":[{"href":"https:\/\/www.bananatreeshop.com\/pt\/wp-json\/wp\/v2\/types\/product"}],"replies":[{"embeddable":true,"href":"https:\/\/www.bananatreeshop.com\/pt\/wp-json\/wp\/v2\/comments?post=99129"}],"wp:featuredmedia":[{"embeddable":true,"href":"https:\/\/www.bananatreeshop.com\/pt\/wp-json\/wp\/v2\/media\/99130"}],"wp:attachment":[{"href":"https:\/\/www.bananatreeshop.com\/pt\/wp-json\/wp\/v2\/media?parent=99129"}],"wp:term":[{"taxonomy":"product_brand","embeddable":true,"href":"https:\/\/www.bananatreeshop.com\/pt\/wp-json\/wp\/v2\/product_brand?post=99129"},{"taxonomy":"product_cat","embeddable":true,"href":"https:\/\/www.bananatreeshop.com\/pt\/wp-json\/wp\/v2\/product_cat?post=99129"},{"taxonomy":"product_tag","embeddable":true,"href":"https:\/\/www.bananatreeshop.com\/pt\/wp-json\/wp\/v2\/product_tag?post=99129"}],"curies":[{"name":"wp","href":"https:\/\/api.w.org\/{rel}","templated":true}]}}