{"id":99135,"date":"2026-04-10T15:04:39","date_gmt":"2026-04-10T15:04:39","guid":{"rendered":"https:\/\/www.bananatreeshop.com\/?post_type=product&p=99135"},"modified":"2026-04-10T15:04:43","modified_gmt":"2026-04-10T15:04:43","slug":"secret-play-juego-de-pareja-massage-time","status":"publish","type":"product","link":"https:\/\/www.bananatreeshop.com\/pt\/produto\/secret-play-juego-de-pareja-massage-time\/","title":{"rendered":"SECRET PLAY &#8211; JUEGO DE PAREJA &#8220;MASSAGE TIME&#8221;"},"content":{"rendered":"<p><strong>Massage Time<\/strong> es un juego de pareja cuya finalidad es favorecer la conexi\u00f3n \u00edntima en pareja. Utilizando diferentes t\u00e9cnicas de masaje conseguir\u00e9is despertar un sinf\u00edn de sensaciones, relajaci\u00f3n y excitaci\u00f3n al m\u00e1ximo a la vez que conseguir\u00e9is puntos para culminar con la recompensa final.<\/p>\n<p><strong>Contenido:<\/strong><br \/>&#8211; 50 cartas de juego<br \/>&#8211; 1 dado de color<br \/>&#8211; 1 librillo de instrucciones y recompensas<\/p>\n<p>Cu\u00e1ntas veces hemos llegado a casa cansados y estresados despu\u00e9s de un d\u00eda de trabajo? No te gustar\u00eda que al llegar estuviese tu pareja esper\u00e1ndote para darte un buen masaje?<br \/>Para preparar una velada inolvidable de masajes lo primero que tienes que pensar es en escoger el lugar, preferiblemente algo c\u00f3modo. Podr\u00eda ser por ejemplo la cama, el sof\u00e1, etc. El masaje m\u00e1s com\u00fan es el de espalda pero en este juego te contamos m\u00e1s sobre otro tipo de masajes muy interesantes.<\/p>\n<p>Los beneficios de un buen masaje pueden llegar a ser sorprendentes puesto que hace que el cuerpo se encuentre mucho m\u00e1s receptivo a los est\u00edmulos. Y de esta manera poder disfrutar m\u00e1s intensamente a lo que venga despu\u00e9s.<\/p>\n<p><strong>Se recomienda tener:<\/strong><br \/>&#8211; Aceite de masaje.<br \/>&#8211; Velas o luz tenue.<br \/>&#8211; M\u00fasica suave de tu preferencia.<br \/>&#8211; Aroma (Incienso, aceites esenciales, etc.)<br \/>&#8211; Cojines, toallas, etc.<\/p>\n<p><strong>Objetivo del juego:<\/strong><br \/>El juego consiste en que ambos jugadores completen la sesi\u00f3n de massage time consiguiendo 1 carta de cada una de las 5 categor\u00edas de masaje, procurando obtener la mayor puntuaci\u00f3n posible para una sorprendente recompensa final.<\/p>\n<p><strong>C\u00f3mo se juega:<\/strong><br \/>Se separan los 5 mazos por color, se baraja cada uno independientemente y se colocan en fila en el centro de la mesa, tal como en el esquema que ver\u00e9is en el libro de instrucciones.<\/p>\n<p><strong>Importante:<\/strong> La carta que indica la categor\u00eda debe permanecer en la parte superior de su mazo durante el juego.<\/p>\n<p>Para dar comienzo al juego ambos jugadores deben estar desnudos (o en ropa interior si se prefiere).<br \/>El jugador de mayor edad (jugador 1) ser\u00e1 el primero en tirar el dado.<br \/>El dado indicar\u00e1 1 de 6 opciones diferentes (5 categor\u00edas representadas por los colores Rosa, Magenta, Fucsia, Morado, Naranja y la acci\u00f3n pierdes turno representada en color Negro).<\/p>\n<p>A continuaci\u00f3n el jugador 1 debe coger la primera carta del mazo de la categor\u00eda correspondiente obtenida en el dado. Para esto debe levantar la tapa de ese mazo y coger la carta que se haya imediantamente debajo. El jugador debe leer la prueba y los puntos que \u00e9sta indique para decidir si acepta la carta o no, si no, devolver\u00e1 la carta al final del mazo y pasar\u00e1 su turno. En el caso de aceptarla colocar\u00e1 la carta en su zona de jugador (delante del mazo de la categor\u00eda, en su lado de la mesa). A continuaci\u00f3n realizar\u00e1 el masaje a su pareja. Tras esto, es el turno del jugador 2 y as\u00ed sucesivamente.<\/p>\n<p>Si en alg\u00fan momento el dado marca una categor\u00eda ya completada, el jugador puede elegir entre mantener su carta con la puntuaci\u00f3n actual o cambiarla por la siguiente carta del mazo, teniendo la posibilidad de sumar m\u00e1s puntos.<br \/>Debe descartar una de las dos cartas y colocarla al final del mazo. En el caso de optar por la nueva carta debe realizar el masaje que \u00e9sta indica.<\/p>\n<p>El juego termina cuando ambos jugadores hayan completado su sesi\u00f3n de Massage Time, es decir tengan 1 carta de cada una de las 5 categor\u00edas.<br \/>Cada jugador suma el total de puntos de todas las cartas, siendo el ganador quien m\u00e1s puntos haya obtenido.<br \/>En caso de empate se contin\u00faa el juego hasta proclamarse un vencedor.<br \/>El perdedor consultar\u00e1 la recompensa final en el libro de instrucciones seg\u00fan el total de puntos del ganador y se la realizar\u00e1 en el mismo momento.<\/p>\n<p>El tiempo y ritmo empleado en cada masaje ser\u00e1 a determinar por cada uno, tratando siempre de dejar satisfecha a la pareja.<br \/>Recuerda practicar la generosidad, no hay prisa, el principal objetivo es disfrutar del momento de intimidad juntos.<\/p>","protected":false},"excerpt":{"rendered":"<p>JUEGO DISPONIBLE EN: es\/en\/de\/fr\/nl\/pt\/it\/pl<\/p>","protected":false},"featured_media":99136,"comment_status":"closed","ping_status":"closed","template":"","meta":{"_eb_attr":""},"product_brand":[],"product_cat":[1187,1188,446],"product_tag":[],"class_list":{"0":"post-99135","1":"product","2":"type-product","3":"status-publish","4":"has-post-thumbnail","6":"product_cat-juegos","7":"product_cat-juegos-juegos-de-pareja","8":"product_cat-news","9":"yith_product_brand-secretplay","10":"yith_product_brand-secretplaysecretplay-100-games","12":"first","13":"instock","14":"taxable","15":"shipping-taxable","16":"purchasable","17":"product-type-simple"},"_links":{"self":[{"href":"https:\/\/www.bananatreeshop.com\/pt\/wp-json\/wp\/v2\/product\/99135","targetHints":{"allow":["GET"]}}],"collection":[{"href":"https:\/\/www.bananatreeshop.com\/pt\/wp-json\/wp\/v2\/product"}],"about":[{"href":"https:\/\/www.bananatreeshop.com\/pt\/wp-json\/wp\/v2\/types\/product"}],"replies":[{"embeddable":true,"href":"https:\/\/www.bananatreeshop.com\/pt\/wp-json\/wp\/v2\/comments?post=99135"}],"wp:featuredmedia":[{"embeddable":true,"href":"https:\/\/www.bananatreeshop.com\/pt\/wp-json\/wp\/v2\/media\/99136"}],"wp:attachment":[{"href":"https:\/\/www.bananatreeshop.com\/pt\/wp-json\/wp\/v2\/media?parent=99135"}],"wp:term":[{"taxonomy":"product_brand","embeddable":true,"href":"https:\/\/www.bananatreeshop.com\/pt\/wp-json\/wp\/v2\/product_brand?post=99135"},{"taxonomy":"product_cat","embeddable":true,"href":"https:\/\/www.bananatreeshop.com\/pt\/wp-json\/wp\/v2\/product_cat?post=99135"},{"taxonomy":"product_tag","embeddable":true,"href":"https:\/\/www.bananatreeshop.com\/pt\/wp-json\/wp\/v2\/product_tag?post=99135"}],"curies":[{"name":"wp","href":"https:\/\/api.w.org\/{rel}","templated":true}]}}