{"id":99141,"date":"2026-04-10T15:04:44","date_gmt":"2026-04-10T15:04:44","guid":{"rendered":"https:\/\/www.bananatreeshop.com\/?post_type=product&p=99141"},"modified":"2026-04-10T15:04:52","modified_gmt":"2026-04-10T15:04:52","slug":"secret-play-juego-de-mesa-para-parejas-mission-69","status":"publish","type":"product","link":"https:\/\/www.bananatreeshop.com\/pt\/produto\/secret-play-juego-de-mesa-para-parejas-mission-69\/","title":{"rendered":"SECRET PLAY &#8211; JUEGO DE MESA PARA PAREJAS &#8220;MISSION 69&#8221;"},"content":{"rendered":"<p><strong>MISSION 69 <\/strong>es un juego de mesa para parejas que os llevar\u00e1 a un viaje er\u00f3tico en espiral.<br \/>Completad los desaf\u00edos picantes que os esperan hasta llegar a la casilla 69 para disfrutar de un final inolvidable.<\/p>\n<p><strong>C\u00f3mo se juega:<\/strong><br \/>Empieza el jugador de mayor edad. \u00c9ste ha de tirar su dado y mover su pe\u00f3n tantas casillas como corresponda.<br \/>A continuaci\u00f3n debe realizar la prueba que indica la casilla donde se encuentra.<br \/>Consultad en el listado de pruebas la acci\u00f3n que se debe realizar.<br \/>Gana el juego el primer jugador que llegue a la casilla 69.<br \/>La casilla 69 s\u00f3lo se puede alcanzar haciendo una tirada exacta. Si un jugador lanza el dado y saca un n\u00famero mayor al de las casillas que le quedan por recorrer deber\u00e1 avanzar hasta llegar a la 69 y despu\u00e9s retroceder las casillas necesarias hasta completar el n\u00famero obtenido.<\/p>\n<p><strong>Contenido:<\/strong><br \/>&#8211; 69 pruebas<br \/>&#8211; Tablero de juego ilustrado.<br \/>&#8211; 2 dados num\u00e9ricos.<br \/>&#8211; 2 peones.<br \/>&#8211; Libro de instrucciones y pruebas.<\/p>","protected":false},"excerpt":{"rendered":"<p>JUEGO DISPONIBLE EN: es\/en\/de\/fr\/nl\/pt\/it\/pl<\/p>","protected":false},"featured_media":99142,"comment_status":"closed","ping_status":"closed","template":"","meta":{"_eb_attr":""},"product_brand":[],"product_cat":[1187,1189,1188,446],"product_tag":[],"class_list":{"0":"post-99141","1":"product","2":"type-product","3":"status-publish","4":"has-post-thumbnail","6":"product_cat-juegos","7":"product_cat-juegos-juegos-de-mesa","8":"product_cat-juegos-juegos-de-pareja","9":"product_cat-news","10":"yith_product_brand-secretplay","11":"yith_product_brand-secretplaysecretplay-100-games","13":"first","14":"instock","15":"taxable","16":"shipping-taxable","17":"purchasable","18":"product-type-simple"},"_links":{"self":[{"href":"https:\/\/www.bananatreeshop.com\/pt\/wp-json\/wp\/v2\/product\/99141","targetHints":{"allow":["GET"]}}],"collection":[{"href":"https:\/\/www.bananatreeshop.com\/pt\/wp-json\/wp\/v2\/product"}],"about":[{"href":"https:\/\/www.bananatreeshop.com\/pt\/wp-json\/wp\/v2\/types\/product"}],"replies":[{"embeddable":true,"href":"https:\/\/www.bananatreeshop.com\/pt\/wp-json\/wp\/v2\/comments?post=99141"}],"wp:featuredmedia":[{"embeddable":true,"href":"https:\/\/www.bananatreeshop.com\/pt\/wp-json\/wp\/v2\/media\/99142"}],"wp:attachment":[{"href":"https:\/\/www.bananatreeshop.com\/pt\/wp-json\/wp\/v2\/media?parent=99141"}],"wp:term":[{"taxonomy":"product_brand","embeddable":true,"href":"https:\/\/www.bananatreeshop.com\/pt\/wp-json\/wp\/v2\/product_brand?post=99141"},{"taxonomy":"product_cat","embeddable":true,"href":"https:\/\/www.bananatreeshop.com\/pt\/wp-json\/wp\/v2\/product_cat?post=99141"},{"taxonomy":"product_tag","embeddable":true,"href":"https:\/\/www.bananatreeshop.com\/pt\/wp-json\/wp\/v2\/product_tag?post=99141"}],"curies":[{"name":"wp","href":"https:\/\/api.w.org\/{rel}","templated":true}]}}