{"id":99147,"date":"2026-04-10T15:04:52","date_gmt":"2026-04-10T15:04:52","guid":{"rendered":"https:\/\/www.bananatreeshop.com\/?post_type=product&p=99147"},"modified":"2026-04-10T15:04:55","modified_gmt":"2026-04-10T15:04:55","slug":"secret-play-puzzle-juego-sexxxzzle","status":"publish","type":"product","link":"https:\/\/www.bananatreeshop.com\/pt\/produto\/secret-play-puzzle-juego-sexxxzzle\/","title":{"rendered":"SECRET PLAY &#8211; PUZZLE JUEGO &#8220;SEXXXZZLE&#8221;"},"content":{"rendered":"<p><strong>SEXXXZZLE <\/strong>es un juego 2 en 1, este juego no es solo un puzle, si no que tambi\u00e9n contiene pruebas muy picantes.<br \/>Montad el puzle mientras descubr\u00eds las pruebas que se esconden tras las piezas. hasta completar juntos la imagen para obtener la recompensa final.<\/p>\n<p><strong>El juego incluye:<\/strong><\/p>\n<p>&#8211; 300 piezas (120 piezas con pruebas picantes)<br \/>&#8211; 1 librillo de instrucciones y pruebas<\/p>\n<p>Medida puzle montado: 40 x 40 cm<\/p>\n<p><strong>C\u00f3mo se juega:<\/strong><\/p>\n<p>Para comenzar el juego deb\u00e9is colocar todas las piezas del puzle con la imagen bocarriba y divididlas en dos montones similares, uno para cada jugador.<br \/>Observad la imagen de la caja para jugar.<br \/>Primero construid el contorno del puzle juntos, con las piezas que tengan 1 o 2 laterales lisos, definiendo as\u00ed el \u00e1rea de juego.<br \/>Tras esto empezar\u00e1 el jugador de mayor edad eligiendo una pieza de su mont\u00f3n y antes de colocarla deber\u00e1 mirar si en el reverso de la misma hay alg\u00fan n\u00famero.<br \/>En caso de que lo haya deber\u00e1 consultar el n\u00famero en las instrucciones para realizar la acci\u00f3n en ese mismo momento.<br \/>Si no hay n\u00famero en el reverso de la pieza simplemente debe colocarla y pasar turno al otro jugador y as\u00ed sucesivamente.<br \/>Ning\u00fan jugador debe permanecer sin jugar durante m\u00e1s de 2 turnos. Si esto sucede roba una pieza a tu pareja y col\u00f3cala como tuya, haciendo la prueba pertinente, en caso de que lo haya.<br \/>El jugador que coloque la \u00faltima pieza del puzle gana y como premio decide d\u00f3nde realizar la postura del Kamasutra ilustrada en el puzzle.<\/p>\n<p>Descubre ya este must-have 2 en 1 para hacer mucho m\u00e1s divertidos tus encuentros m\u00e1s \u00edntimos.<\/p>","protected":false},"excerpt":{"rendered":"<p>JUEGO DISPONIBLE EN: es\/en\/de\/fr\/nl\/pt\/it\/pl<\/p>","protected":false},"featured_media":99148,"comment_status":"closed","ping_status":"closed","template":"","meta":{"_eb_attr":""},"product_brand":[],"product_cat":[1187,1189,446],"product_tag":[],"class_list":{"0":"post-99147","1":"product","2":"type-product","3":"status-publish","4":"has-post-thumbnail","6":"product_cat-juegos","7":"product_cat-juegos-juegos-de-mesa","8":"product_cat-news","9":"yith_product_brand-secretplay","10":"yith_product_brand-secretplaysecretplay-100-games","12":"first","13":"instock","14":"taxable","15":"shipping-taxable","16":"purchasable","17":"product-type-simple"},"_links":{"self":[{"href":"https:\/\/www.bananatreeshop.com\/pt\/wp-json\/wp\/v2\/product\/99147","targetHints":{"allow":["GET"]}}],"collection":[{"href":"https:\/\/www.bananatreeshop.com\/pt\/wp-json\/wp\/v2\/product"}],"about":[{"href":"https:\/\/www.bananatreeshop.com\/pt\/wp-json\/wp\/v2\/types\/product"}],"replies":[{"embeddable":true,"href":"https:\/\/www.bananatreeshop.com\/pt\/wp-json\/wp\/v2\/comments?post=99147"}],"wp:featuredmedia":[{"embeddable":true,"href":"https:\/\/www.bananatreeshop.com\/pt\/wp-json\/wp\/v2\/media\/99148"}],"wp:attachment":[{"href":"https:\/\/www.bananatreeshop.com\/pt\/wp-json\/wp\/v2\/media?parent=99147"}],"wp:term":[{"taxonomy":"product_brand","embeddable":true,"href":"https:\/\/www.bananatreeshop.com\/pt\/wp-json\/wp\/v2\/product_brand?post=99147"},{"taxonomy":"product_cat","embeddable":true,"href":"https:\/\/www.bananatreeshop.com\/pt\/wp-json\/wp\/v2\/product_cat?post=99147"},{"taxonomy":"product_tag","embeddable":true,"href":"https:\/\/www.bananatreeshop.com\/pt\/wp-json\/wp\/v2\/product_tag?post=99147"}],"curies":[{"name":"wp","href":"https:\/\/api.w.org\/{rel}","templated":true}]}}