{"id":99162,"date":"2026-04-10T17:01:59","date_gmt":"2026-04-10T17:01:59","guid":{"rendered":"https:\/\/www.bananatreeshop.com\/?post_type=product&p=99162"},"modified":"2026-04-11T07:01:10","modified_gmt":"2026-04-11T07:01:10","slug":"diablo-picante-zapatillas-penes-talla-pequena-36-37-38","status":"publish","type":"product","link":"https:\/\/www.bananatreeshop.com\/pt\/produto\/diablo-picante-zapatillas-penes-talla-pequena-36-37-38\/","title":{"rendered":"DIABLO PICANTE &#8211; ZAPATILLAS PENES TALLA PEQUE\u00d1A 36-37-38"},"content":{"rendered":"<p>Las Zapatillas de Estar por Casa con dise\u00f1o de Penes son un accesorio divertido, provocador y original, dise\u00f1ado para a\u00f1adir un toque de humor y picard\u00eda a cualquier momento. Fabricadas a mano en Espa\u00f1a con tejidos ultrasuaves, sirven para llamar la atenci\u00f3n, romper el hielo o simplemente disfrutar de la m\u00e1xima comodidad de una forma traviesa y sin palabras.<\/p>\n<p>Estas zapatillas son perfectas para descansar en pareja, reuniones divertidas en casa, fiestas de pijamas o simplemente para tenerlas junto a la cama como un detalle coqueto. Su dise\u00f1o llamativo con m\u00faltiples motivos y su acabado artesanal las convierten en un objeto decorativo y funcional a la vez, ideal para quienes disfrutan del humor picante y la diversi\u00f3n sin complejos.<\/p>\n<p>Compactas y f\u00e1ciles de usar, cuentan con piso antideslizante y son lavables al 100%. Basta con calzarlas para sentir el m\u00e1ximo confort y dejar claro tu estilo con un detalle simp\u00e1tico que no pasar\u00e1 desapercibido en tu hogar.<\/p>\n<p><u><strong>CARACTERISTICAS<\/strong><\/u>:<\/p>\n<ul>\n<li>Zapatillas de estar por casa con dise\u00f1o original<\/li>\n<li>Fabricaci\u00f3n: Hechas a mano en Espa\u00f1a<\/li>\n<li>Material: Tejido ultrasuave y piso antideslizante<\/li>\n<li>Talla peque\u00f1a: 36-37-38<\/li>\n<li>Mantenimiento: Lavables 100%<\/li>\n<li>Color multicolor<\/li>\n<li>Ideal para: Regalo original, detalles divertidos y momentos especiales<\/li>\n<\/ul>\n<p>Un cl\u00e1sico de\u00a0<strong>DIVERTY SEX\u00a0<\/strong>&#8211;\u00a0Con m\u00e1s de 20 a\u00f1os de experiencia en el mercado de art\u00edculos sexuales,\u00a0<strong>DIVERTY SEX\u00a0<\/strong>se ha consolidado como referente en regalos sexys, originales y con un enfoque humor\u00edstico. Su filosof\u00eda: hacer re\u00edr, sorprender y desestresar.\u00a0Ya sea para animar una celebraci\u00f3n, regalar en secreto a un amigo\/a o romper el hielo con humor, este producto no puede faltar en tu colecci\u00f3n de productos festivos.<\/p>","protected":false},"excerpt":{"rendered":"<p>DIABLO PICANTE &#8211; PENISES SHOES SMALL SIZE 36-37-38<\/p>","protected":false},"featured_media":99163,"comment_status":"closed","ping_status":"closed","template":"","meta":{"_eb_attr":""},"product_brand":[],"product_cat":[1195,1194,1202,446],"product_tag":[],"class_list":{"0":"post-99162","1":"product","2":"type-product","3":"status-publish","4":"has-post-thumbnail","6":"product_cat-articulos-variosarticulos-divertidos","7":"product_cat-articulos-varios","8":"product_cat-articulos-variosarticulos-divertidoscomplementos","9":"product_cat-news","10":"yith_product_brand-diverty-sexdiablo-picante","11":"yith_product_brand-diverty-sex","13":"first","14":"instock","15":"taxable","16":"shipping-taxable","17":"purchasable","18":"product-type-simple"},"_links":{"self":[{"href":"https:\/\/www.bananatreeshop.com\/pt\/wp-json\/wp\/v2\/product\/99162","targetHints":{"allow":["GET"]}}],"collection":[{"href":"https:\/\/www.bananatreeshop.com\/pt\/wp-json\/wp\/v2\/product"}],"about":[{"href":"https:\/\/www.bananatreeshop.com\/pt\/wp-json\/wp\/v2\/types\/product"}],"replies":[{"embeddable":true,"href":"https:\/\/www.bananatreeshop.com\/pt\/wp-json\/wp\/v2\/comments?post=99162"}],"wp:featuredmedia":[{"embeddable":true,"href":"https:\/\/www.bananatreeshop.com\/pt\/wp-json\/wp\/v2\/media\/99163"}],"wp:attachment":[{"href":"https:\/\/www.bananatreeshop.com\/pt\/wp-json\/wp\/v2\/media?parent=99162"}],"wp:term":[{"taxonomy":"product_brand","embeddable":true,"href":"https:\/\/www.bananatreeshop.com\/pt\/wp-json\/wp\/v2\/product_brand?post=99162"},{"taxonomy":"product_cat","embeddable":true,"href":"https:\/\/www.bananatreeshop.com\/pt\/wp-json\/wp\/v2\/product_cat?post=99162"},{"taxonomy":"product_tag","embeddable":true,"href":"https:\/\/www.bananatreeshop.com\/pt\/wp-json\/wp\/v2\/product_tag?post=99162"}],"curies":[{"name":"wp","href":"https:\/\/api.w.org\/{rel}","templated":true}]}}