{"id":99182,"date":"2026-04-12T04:04:31","date_gmt":"2026-04-12T04:04:31","guid":{"rendered":"https:\/\/www.bananatreeshop.com\/?post_type=product&p=99182"},"modified":"2026-04-12T04:04:33","modified_gmt":"2026-04-12T04:04:33","slug":"diablo-picante-palitos-de-pene-con-pincho-para-carne-20-unidades","status":"publish","type":"product","link":"https:\/\/www.bananatreeshop.com\/pt\/produto\/diablo-picante-palitos-de-pene-con-pincho-para-carne-20-unidades\/","title":{"rendered":"DIABLO PICANTE &#8211; PALITOS DE PENE CON PINCHO PARA CARNE 20 UNIDADES"},"content":{"rendered":"<p>El Pack de 20 Palitos con Pincho para Carne de Pene es un accesorio divertido, provocador y original, dise\u00f1ado para a\u00f1adir un toque de humor y picard\u00eda a cualquier momento. Con su dise\u00f1o p\u00edcara, sirven para llamar la atenci\u00f3n, romper el hielo o presentar tus aperitivos de una forma traviesa y sin palabras.<\/p>\n<p>Estos pinchos son perfectos para juegos de pareja, reuniones con amigos, fiestas tem\u00e1ticas o simplemente para utilizarlos en tu buffet como un detalle coqueto. Su dise\u00f1o llamativo y su mensaje atrevido los convierten en un objeto decorativo y funcional a la vez, ideal para quienes disfrutan del humor picante y la diversi\u00f3n sin complejos.<\/p>\n<p>Compactos y f\u00e1ciles de usar, no necesitan instalaci\u00f3n ni pilas. Basta con pincharlos en tus canap\u00e9s o dulces para dejar claro lo que deseas con un detalle simp\u00e1tico que no pasar\u00e1 desapercibido.<\/p>\n<p><u><strong>CARACTERISTICAS<\/strong><\/u>:<\/p>\n<ul>\n<li>Pack de 20 palitos con pincho de pene<\/li>\n<li>Funcionamiento: Manual (uso en alimentaci\u00f3n)<\/li>\n<li>Instalaci\u00f3n: No requiere pilas ni montaje<\/li>\n<li>Tama\u00f1o: Compacto y f\u00e1cil de colocar en cualquier alimento<\/li>\n<li>Color carne<\/li>\n<li>Ideal para: Regalo original, detalles divertidos y momentos especiales<\/li>\n<\/ul>\n<p>Un cl\u00e1sico de\u00a0<strong>DIVERTY SEX\u00a0<\/strong>&#8211;\u00a0Con m\u00e1s de 20 a\u00f1os de experiencia en el mercado de art\u00edculos sexuales,\u00a0<strong>DIVERTY SEX\u00a0<\/strong>se ha consolidado como referente en regalos sexys, originales y con un enfoque humor\u00edstico. Su filosof\u00eda: hacer re\u00edr, sorprender y desestresar.\u00a0Ya sea para animar una celebraci\u00f3n, regalar en secreto a un amigo\/a o romper el hielo con humor, este producto no puede faltar en tu colecci\u00f3n de productos festivos.<\/p>","protected":false},"excerpt":{"rendered":"<p>DIABLO PICANTE &#8211; PENIS SPIDERED STICKS FOR MEAT 20 UNITS<\/p>","protected":false},"featured_media":99183,"comment_status":"closed","ping_status":"closed","template":"","meta":{"_eb_attr":""},"product_brand":[],"product_cat":[1195,1194,1341,446],"product_tag":[],"class_list":{"0":"post-99182","1":"product","2":"type-product","3":"status-publish","4":"has-post-thumbnail","6":"product_cat-articulos-variosarticulos-divertidos","7":"product_cat-articulos-varios","8":"product_cat-articulos-variosarticulos-divertidosjuegos-despedidas","9":"product_cat-news","10":"yith_product_brand-diverty-sexdiablo-picante","11":"yith_product_brand-diverty-sex","13":"first","14":"instock","15":"taxable","16":"shipping-taxable","17":"purchasable","18":"product-type-simple"},"_links":{"self":[{"href":"https:\/\/www.bananatreeshop.com\/pt\/wp-json\/wp\/v2\/product\/99182","targetHints":{"allow":["GET"]}}],"collection":[{"href":"https:\/\/www.bananatreeshop.com\/pt\/wp-json\/wp\/v2\/product"}],"about":[{"href":"https:\/\/www.bananatreeshop.com\/pt\/wp-json\/wp\/v2\/types\/product"}],"replies":[{"embeddable":true,"href":"https:\/\/www.bananatreeshop.com\/pt\/wp-json\/wp\/v2\/comments?post=99182"}],"wp:featuredmedia":[{"embeddable":true,"href":"https:\/\/www.bananatreeshop.com\/pt\/wp-json\/wp\/v2\/media\/99183"}],"wp:attachment":[{"href":"https:\/\/www.bananatreeshop.com\/pt\/wp-json\/wp\/v2\/media?parent=99182"}],"wp:term":[{"taxonomy":"product_brand","embeddable":true,"href":"https:\/\/www.bananatreeshop.com\/pt\/wp-json\/wp\/v2\/product_brand?post=99182"},{"taxonomy":"product_cat","embeddable":true,"href":"https:\/\/www.bananatreeshop.com\/pt\/wp-json\/wp\/v2\/product_cat?post=99182"},{"taxonomy":"product_tag","embeddable":true,"href":"https:\/\/www.bananatreeshop.com\/pt\/wp-json\/wp\/v2\/product_tag?post=99182"}],"curies":[{"name":"wp","href":"https:\/\/api.w.org\/{rel}","templated":true}]}}