{"id":99184,"date":"2026-04-17T22:01:49","date_gmt":"2026-04-17T22:01:49","guid":{"rendered":"https:\/\/www.bananatreeshop.com\/?post_type=product&p=99184"},"modified":"2026-04-17T22:01:55","modified_gmt":"2026-04-17T22:01:55","slug":"womanizer-pro-vibrant-estimulador-de-clitoris-rosa","status":"publish","type":"product","link":"https:\/\/www.bananatreeshop.com\/pt\/produto\/womanizer-pro-vibrant-estimulador-de-clitoris-rosa\/","title":{"rendered":"WOMANIZER &#8211; PRO VIBRANT ESTIMULADOR DE CL\u00cdTORIS ROSA"},"content":{"rendered":"<p>Estimulador de aire con tecnolog\u00eda sin contacto para una experiencia refinada y moderna. Este dispositivo est\u00e1 dise\u00f1ado para ofrecer una estimulaci\u00f3n clitoriana profunda a trav\u00e9s de suaves ondas de presi\u00f3n de aire, permitiendo disfrutar de sensaciones intensas y placenteras sin necesidad de contacto directo.<\/p>\n<p><strong>Tecnolog\u00eda Pleasure Air <\/strong>&#8211; Innovadora tecnolog\u00eda patentada que utiliza pulsos de aire para masajear el cl\u00edtoris. Proporciona una lujosa sensaci\u00f3n de tensi\u00f3n creciente, permitiendo descubrir el placer de una forma personalizada y \u00fanica a trav\u00e9s de un sutil efecto de masaje.<\/p>\n<p><strong>11 niveles de intensidad<\/strong> &#8211; Totalmente personalizable seg\u00fan tu gusto. Tanto si prefieres un inicio suave y sensual como si buscas una estimulaci\u00f3n m\u00e1s potente e intensa, puedes cambiar f\u00e1cilmente entre sus ajustes gracias a sus controles intuitivos dise\u00f1ados para el enfoque total en el momento.<\/p>\n<p><strong>Resistente al agua IPX7<\/strong> &#8211; Su dise\u00f1o estanco permite que puedas disfrutar de momentos de relax tanto en la ducha como en la ba\u00f1era, lo que garantiza que nada te impida disfrutar de un ba\u00f1o largo y refrescante.<\/p>\n<p><strong>F\u00e1cil de limpiar <\/strong>&#8211; El cabezal de estimulaci\u00f3n es alargado y desmontable, lo que garantiza un mantenimiento sencillo, r\u00e1pido e higi\u00e9nico. Solo necesitas un limpiador de juguetes o agua tibia y jab\u00f3n antibacterial.<\/p>\n<p><strong>Dise\u00f1o de primera calidad <\/strong>&#8211; Es ligero, compacto y presenta un dise\u00f1o elegante. Fabricado con silicona y pl\u00e1stico seguros para el cuerpo, asegura una sensaci\u00f3n agradable, segura y sedosa en contacto con la piel.<\/p>\n<p><strong>Recargable y listo para largas sesiones<\/strong> &#8211; Equipado con un sistema de carga mediante conexi\u00f3n USB magn\u00e9tica, ofrece una autonom\u00eda de hasta 240 minutos para que tengas todo el tiempo necesario para relajarte y disfrutar sin interrupciones.<\/p>\n<p><u><strong>CARACTERISTICAS<\/strong><\/u><\/p>\n<ul>\n<li>Rosa<\/li>\n<li>Impermeable IPX7<\/li>\n<li>Tiempo de ejecuci\u00f3n: 240 minutos<\/li>\n<li>Materiales: Silicona segura para el cuerpo y ABS<\/li>\n<li>Carga: USB magn\u00e9tico<\/li>\n<\/ul>\n<p><u><strong>Caja:<\/strong> <\/u><\/p>\n<ul>\n<li>Estimulador de aire sin contacto<\/li>\n<li>Cabezal de estimulaci\u00f3n adicional<\/li>\n<li>Gu\u00eda de inicio r\u00e1pido<\/li>\n<li>Cable USB con pines de carga magn\u00e9ticos (adaptador de CA no incluido)<\/li>\n<\/ul>","protected":false},"excerpt":{"rendered":"<p>WOMANIZER &#8211; PRO VIBRANT CLITORAL STIMULATOR PINK<\/p>","protected":false},"featured_media":99185,"comment_status":"closed","ping_status":"closed","template":"","meta":{"_eb_attr":""},"product_brand":[],"product_cat":[1250,1152,1153,446,1260],"product_tag":[],"class_list":{"0":"post-99184","1":"product","2":"type-product","3":"status-publish","4":"has-post-thumbnail","6":"product_cat-juguetes-bienestar-juguetes-para-mujeresestimuladores","7":"product_cat-juguetes-bienestar","8":"product_cat-juguetes-bienestar-juguetes-para-mujeres","9":"product_cat-news","10":"product_cat-juguetes-bienestar-juguetes-para-mujeresestimuladorespara-clitoris","11":"yith_product_brand-womanizer","13":"first","14":"instock","15":"taxable","16":"shipping-taxable","17":"purchasable","18":"product-type-simple"},"_links":{"self":[{"href":"https:\/\/www.bananatreeshop.com\/pt\/wp-json\/wp\/v2\/product\/99184","targetHints":{"allow":["GET"]}}],"collection":[{"href":"https:\/\/www.bananatreeshop.com\/pt\/wp-json\/wp\/v2\/product"}],"about":[{"href":"https:\/\/www.bananatreeshop.com\/pt\/wp-json\/wp\/v2\/types\/product"}],"replies":[{"embeddable":true,"href":"https:\/\/www.bananatreeshop.com\/pt\/wp-json\/wp\/v2\/comments?post=99184"}],"wp:featuredmedia":[{"embeddable":true,"href":"https:\/\/www.bananatreeshop.com\/pt\/wp-json\/wp\/v2\/media\/99185"}],"wp:attachment":[{"href":"https:\/\/www.bananatreeshop.com\/pt\/wp-json\/wp\/v2\/media?parent=99184"}],"wp:term":[{"taxonomy":"product_brand","embeddable":true,"href":"https:\/\/www.bananatreeshop.com\/pt\/wp-json\/wp\/v2\/product_brand?post=99184"},{"taxonomy":"product_cat","embeddable":true,"href":"https:\/\/www.bananatreeshop.com\/pt\/wp-json\/wp\/v2\/product_cat?post=99184"},{"taxonomy":"product_tag","embeddable":true,"href":"https:\/\/www.bananatreeshop.com\/pt\/wp-json\/wp\/v2\/product_tag?post=99184"}],"curies":[{"name":"wp","href":"https:\/\/api.w.org\/{rel}","templated":true}]}}