{"id":99220,"date":"2026-04-19T20:04:07","date_gmt":"2026-04-19T20:04:07","guid":{"rendered":"https:\/\/www.bananatreeshop.com\/?post_type=product&p=99220"},"modified":"2026-04-19T20:04:13","modified_gmt":"2026-04-19T20:04:13","slug":"chilirose-cr-4885-tanga-con-entrepierna-abierta-negro-s","status":"publish","type":"product","link":"https:\/\/www.bananatreeshop.com\/pt\/produto\/chilirose-cr-4885-tanga-con-entrepierna-abierta-negro-s\/","title":{"rendered":"CHILIROSE &#8211; CR 4885 TANGA CON ENTREPIERNA ABIERTA NEGRO S"},"content":{"rendered":"<p><strong>CR 4885<\/strong>\u00a0 Descubre una pieza verdaderamente seductora dise\u00f1ada para despertar tus sentidos y mostrar tu lado m\u00e1s atrevido y seguro de ti mismo.<\/p>\n<p>Estos tangas de entrepierna abierta combinan un delicado encaje con un corte atrevido que revela m\u00e1s de lo que oculta, dejando justo lo justo para despertar la imaginaci\u00f3n.<\/p>\n<p>La parte delantera est\u00e1 confeccionada con un encaje suave y el\u00e1stico que se adapta delicadamente a las caderas y realza las curvas naturales.<br \/>La entrepierna abierta a\u00f1ade un toque inconfundiblemente provocativo, haciendo de este dise\u00f1o el complemento perfecto para momentos inolvidables y ocasiones \u00edntimas donde la pasi\u00f3n es la protagonista.<\/p>\n<p>Gracias a sus materiales el\u00e1sticos, el tanga se adapta a la perfecci\u00f3n al cuerpo, garantizando un ajuste c\u00f3modo y una silueta favorecedora.<br \/>Ya sea como parte de un atrevido conjunto de lencer\u00eda o como una pieza \u00fanica, realza tu feminidad y confianza con facilidad.<\/p>\n<p>No importa la ocasi\u00f3n: una noche rom\u00e1ntica, un estilismo sensual o un momento \u00edntimo lleno de emoci\u00f3n.<br \/>Estos tangas de entrepierna abierta aportan un toque de atrevimiento, seducci\u00f3n y un encanto irresistible a cualquier look.<\/p>\n<p><u><strong>CARACTER\u00cdSTICAS:<\/strong><\/u><\/p>\n<ul>\n<li>Disponible en rojo y negro<\/li>\n<li>Disponible en S, M, L, XL<\/li>\n<\/ul>\n<p><span display:=\"id=\" style=\"\">\u00a0<\/span><\/p>\n<p>La marca <strong>CHILIROSE<\/strong> se cre\u00f3 en 2008 y nuestra misi\u00f3n es ofrecer lencer\u00eda sensual y emocionante a nuestros clientes a un precio competitivo. En 2022, tras 14 a\u00f1os, nos convertimos en una de las empresas l\u00edderes en lencer\u00eda ex\u00f3tica y contamos con una amplia colecci\u00f3n de pijamas, vestidos, batas, cors\u00e9s, ropa de fiesta y mucho m\u00e1s. Nuestro estricto control de calidad garantiza la plena satisfacci\u00f3n de nuestros clientes y hace que vender sea un placer. Ponemos especial cuidado en la selecci\u00f3n de nuestros materiales y fabricaci\u00f3n. Ofrecemos nuevos y fant\u00e1sticos estilos con regularidad y esperamos sorprenderle en cada ocasi\u00f3n.<\/p>\n<table border=\"1\" cellpadding=\"0\" cellspacing=\"0\" width=\"832\">\n<tbody>\n<tr height=\"23\" style=\"border: 1px solid black;\">\n<td b=\"\" class=\"xl72\" colspan=\"8\" height=\"23\" style=\"text-align: center; border: 1px solid black;\">GU\u00cdA DE TALLAS<\/td>\n<\/tr>\n<tr height=\"23\" style=\"border: 1px solid black;\">\n<td class=\"xl73\" colspan=\"2\" height=\"23\" style=\"text-align: center; border: 1px solid black;\"><strong>TALLA<\/strong><\/td>\n<td class=\"xl71\" style=\"text-align: center; border: 1px solid black;\" width=\"104\"><strong>S<\/strong><\/td>\n<td class=\"xl71\" style=\"text-align: center; border: 1px solid black;\" width=\"104\"><strong>M<\/strong><\/td>\n<td class=\"xl71\" style=\"text-align: center; border: 1px solid black;\" width=\"104\"><strong>L<\/strong><\/td>\n<td class=\"xl71\" style=\"text-align: center; border: 1px solid black;\" width=\"104\"><strong>XL<\/strong><\/td>\n<td class=\"xl71\" style=\"text-align: center; border: 1px solid black;\" width=\"104\"><strong>XXL<\/strong><\/td>\n<td class=\"xl71\" style=\"text-align: center; border: 1px solid black;\" width=\"104\"><strong>P\/M  L\/XL<\/strong><\/td>\n<\/tr>\n<tr>\n<td ancho=\"208\" class=\"xl74\" colspan=\"2\" height=\"23\" style=\"text-align: center; border: 1px solid black;\"><strong>Busto (cm)<\/strong><\/td>\n<td class=\"xl72\" style=\"text-align: center; border: 1px solid black;\" width=\"104\">85-89<\/td>\n<td class=\"xl72\" style=\"text-align: center; border: 1px solid black;\" width=\"104\">90-94<\/td>\n<td class=\"xl71\" style=\"text-align: center; border: 1px solid black;\" width=\"104\">95-99<\/td>\n<td class=\"xl71\" style=\"text-align: center; border: 1px solid black;\" width=\"104\">100-104<\/td>\n<td class=\"xl71\" style=\"text-align: center; border: 1px solid black;\" width=\"104\">105-109<\/td>\n<td class=\"xl71\" style=\"text-align: center; border: 1px solid black;\" width=\"104\">85-94  95-104<\/td>\n<\/tr>\n<tr>\n<td class=\"xl74\" colspan=\"2\" height=\"23\" style=\"text-align: center; border: 1px solid black;\" width=\"208\"><strong>Bajo busto (cm)<\/strong><\/td>\n<td class=\"xl72\" style=\"text-align: center; border: 1px solid black;\" width=\"104\"><span style=\"color: rgb(51, 51, 51); font-family: sans-serif, Arial, Verdana, \">69-72<\/span><\/td>\n<td class=\"xl72\" style=\"text-align: center; border: 1px solid black;\" width=\"104\"><span style=\"color: rgb(51, 51, 51); font-family: sans-serif, Arial, Verdana, \">73-77<\/span><\/td>\n<td class=\"xl71\" style=\"text-align: center; border: 1px solid black;\" width=\"104\"><span style=\"color: rgb(51, 51, 51); font-family: sans-serif, Arial, Verdana, \">78-81<\/span><\/td>\n<td class=\"xl71\" style=\"text-align: center; border: 1px solid black;\" width=\"104\"><span style=\"color: rgb(51, 51, 51); font-family: sans-serif, Arial, Verdana, \">82-86<\/span><\/td>\n<td class=\"xl71\" style=\"text-align: center; border: 1px solid black;\" width=\"104\">\u00a0<\/td>\n<\/tr>\n<\/tbody>\n<\/table>","protected":false},"excerpt":{"rendered":"<p>CHILIROSE &#8211; CR 4885 BLACK OPEN-CROTCH THONGS S<\/p>","protected":false},"featured_media":99223,"comment_status":"closed","ping_status":"closed","template":"","meta":{"_eb_attr":""},"product_brand":[],"product_cat":[1275,1225,1226,1191,446,1277],"product_tag":[],"class_list":{"0":"post-99220","1":"product","2":"type-product","3":"status-publish","4":"has-post-thumbnail","6":"product_cat-moda-lencerialenceria-mujerlenceria-sexybragas-sexys","7":"product_cat-moda-lencerialenceria-mujer","8":"product_cat-moda-lencerialenceria-mujerlenceria-sexy","9":"product_cat-moda-lenceria","10":"product_cat-news","11":"product_cat-moda-lencerialenceria-mujerlenceria-sexybragas-sexystangas-mujer","12":"pa_color-negro","13":"pa_color-rojo","14":"pa_talla-l","15":"pa_talla-m","16":"pa_talla-s","17":"pa_talla-xl","18":"yith_product_brand-chilirose","19":"yith_product_brand-chilirosechilirose-panties-thongs","21":"first","22":"instock","23":"taxable","24":"shipping-taxable","25":"purchasable","26":"product-type-variable","27":"has-default-attributes"},"_links":{"self":[{"href":"https:\/\/www.bananatreeshop.com\/pt\/wp-json\/wp\/v2\/product\/99220","targetHints":{"allow":["GET"]}}],"collection":[{"href":"https:\/\/www.bananatreeshop.com\/pt\/wp-json\/wp\/v2\/product"}],"about":[{"href":"https:\/\/www.bananatreeshop.com\/pt\/wp-json\/wp\/v2\/types\/product"}],"replies":[{"embeddable":true,"href":"https:\/\/www.bananatreeshop.com\/pt\/wp-json\/wp\/v2\/comments?post=99220"}],"wp:featuredmedia":[{"embeddable":true,"href":"https:\/\/www.bananatreeshop.com\/pt\/wp-json\/wp\/v2\/media\/99223"}],"wp:attachment":[{"href":"https:\/\/www.bananatreeshop.com\/pt\/wp-json\/wp\/v2\/media?parent=99220"}],"wp:term":[{"taxonomy":"product_brand","embeddable":true,"href":"https:\/\/www.bananatreeshop.com\/pt\/wp-json\/wp\/v2\/product_brand?post=99220"},{"taxonomy":"product_cat","embeddable":true,"href":"https:\/\/www.bananatreeshop.com\/pt\/wp-json\/wp\/v2\/product_cat?post=99220"},{"taxonomy":"product_tag","embeddable":true,"href":"https:\/\/www.bananatreeshop.com\/pt\/wp-json\/wp\/v2\/product_tag?post=99220"}],"curies":[{"name":"wp","href":"https:\/\/api.w.org\/{rel}","templated":true}]}}