{"id":99246,"date":"2026-04-19T20:04:31","date_gmt":"2026-04-19T20:04:31","guid":{"rendered":"https:\/\/www.bananatreeshop.com\/?post_type=product&p=99246"},"modified":"2026-04-19T20:04:33","modified_gmt":"2026-04-19T20:04:33","slug":"passion-s033-medias-tiro-bajo-negro-talla-unica","status":"publish","type":"product","link":"https:\/\/www.bananatreeshop.com\/pt\/produto\/passion-s033-medias-tiro-bajo-negro-talla-unica\/","title":{"rendered":"PASSION &#8211; S033 MEDIAS TIRO BAJO NEGRO TALLA \u00daNICA"},"content":{"rendered":"<p>Explora la sensualidad sin l\u00edmites con las espectaculares medias de la marca <strong>PASSION<\/strong>, una pieza dise\u00f1ada para envolver el cuerpo en una segunda piel de deseo y sofisticaci\u00f3n. Esta lencer\u00eda combina transparencia, texturas y cortes provocativos que resaltan cada curva con elegancia y atrevimiento.<\/p>\n<p>Confeccionadas con una mezcla de 80% poliamida y 20% elastano, estas medias ofrecen una elasticidad superior, gran adaptabilidad y una suavidad que acaricia la piel. Su dise\u00f1o de tiro bajo se ajusta c\u00f3modamente a la silueta, logrando un ajuste ce\u00f1ido pero muy confortable para un uso prolongado.<\/p>\n<p>Este modelo se presenta en un elegante color negro, el tono cl\u00e1sico por excelencia para un look sofisticado y siempre sexy, ideal para resaltar la silueta con un toque de misterio y distinci\u00f3n.<\/p>\n<p>El dise\u00f1o incluye detalles sensuales como una sugerente abertura en la entrepierna que aporta un toque atrevido y funcional al conjunto. Su tejido de malla flexible permite libertad de movimiento y una adaptaci\u00f3n total a las formas del cuerpo, convirtiendo estas medias en una pieza vers\u00e1til para complementar tus mejores looks de lencer\u00eda.<\/p>\n<p>Perfectas para ocasiones especiales, juegos de pareja o simplemente para sentirse poderosa y sensual, estas medias de <strong>PASSION <\/strong>son una declaraci\u00f3n de estilo y erotismo que no puede faltar en tu vestidor \u00edntimo.<\/p>\n<p><u><strong><span style=\"line-height:\">CARACTERISTICAS<\/span><\/strong><\/u><\/p>\n<ul>\n<li>Dise\u00f1o de tiro bajo que estiliza y ofrece un ajuste c\u00f3modo.<\/li>\n<li>Corte femenino con atrevida entrepierna abierta.<\/li>\n<li>Material de malla el\u00e1stica de alta calidad para una apariencia elegante.<\/li>\n<li>Tejido flexible que garantiza un ajuste \u00f3ptimo y libertad de movimiento.<\/li>\n<li>Ideal para complementar cualquier conjunto de lencer\u00eda sofisticada.<\/li>\n<\/ul>\n<p><u><strong><span style=\"line-height:\">COMPOSICI\u00d3N<\/span><\/strong><\/u><\/p>\n<ul>\n<li>80% poliamida, 20% elastano.<\/li>\n<\/ul>\n<p><span style=\"line-height:\"><strong>Passion<\/strong> es lencer\u00eda fabricada en la Uni\u00f3n Europea con estrictos controles de calidad, cuidando el m\u00e1ximo detalle tanto en la fabricaci\u00f3n como en sus elementos decorativos, pensado para el mundo actual, personas din\u00e1micas con ganas de innovar y sentirse siempre al d\u00eda.<\/span><\/p>","protected":false},"excerpt":{"rendered":"<p>PASSION &#8211; S033 BLACK LOW RISE TIGHTS ONE SIZE<\/p>","protected":false},"featured_media":99247,"comment_status":"closed","ping_status":"closed","template":"","meta":{"_eb_attr":""},"product_brand":[],"product_cat":[1225,1226,1379,1191,446],"product_tag":[],"class_list":{"0":"post-99246","1":"product","2":"type-product","3":"status-publish","4":"has-post-thumbnail","6":"product_cat-moda-lencerialenceria-mujer","7":"product_cat-moda-lencerialenceria-mujerlenceria-sexy","8":"product_cat-moda-lencerialenceria-mujerlenceria-sexymedias","9":"product_cat-moda-lenceria","10":"product_cat-news","11":"yith_product_brand-passion","12":"yith_product_brand-passionpassion-woman","13":"yith_product_brand-passionpassion-womanpassion-woman-garter-stock","15":"first","16":"instock","17":"taxable","18":"shipping-taxable","19":"purchasable","20":"product-type-simple"},"_links":{"self":[{"href":"https:\/\/www.bananatreeshop.com\/pt\/wp-json\/wp\/v2\/product\/99246","targetHints":{"allow":["GET"]}}],"collection":[{"href":"https:\/\/www.bananatreeshop.com\/pt\/wp-json\/wp\/v2\/product"}],"about":[{"href":"https:\/\/www.bananatreeshop.com\/pt\/wp-json\/wp\/v2\/types\/product"}],"replies":[{"embeddable":true,"href":"https:\/\/www.bananatreeshop.com\/pt\/wp-json\/wp\/v2\/comments?post=99246"}],"wp:featuredmedia":[{"embeddable":true,"href":"https:\/\/www.bananatreeshop.com\/pt\/wp-json\/wp\/v2\/media\/99247"}],"wp:attachment":[{"href":"https:\/\/www.bananatreeshop.com\/pt\/wp-json\/wp\/v2\/media?parent=99246"}],"wp:term":[{"taxonomy":"product_brand","embeddable":true,"href":"https:\/\/www.bananatreeshop.com\/pt\/wp-json\/wp\/v2\/product_brand?post=99246"},{"taxonomy":"product_cat","embeddable":true,"href":"https:\/\/www.bananatreeshop.com\/pt\/wp-json\/wp\/v2\/product_cat?post=99246"},{"taxonomy":"product_tag","embeddable":true,"href":"https:\/\/www.bananatreeshop.com\/pt\/wp-json\/wp\/v2\/product_tag?post=99246"}],"curies":[{"name":"wp","href":"https:\/\/api.w.org\/{rel}","templated":true}]}}